{"id":2562,"date":"2024-03-25T13:49:31","date_gmt":"2024-03-25T12:49:31","guid":{"rendered":"https:\/\/pannonexpress.hu\/?page_id=2562"},"modified":"2024-07-04T09:35:19","modified_gmt":"2024-07-04T08:35:19","slug":"fuvarozas","status":"publish","type":"page","link":"http:\/\/pannonexpress.hu\/en\/fuvarozas\/","title":{"rendered":"Transport"},"content":{"rendered":"<div data-elementor-type=\"wp-page\" data-elementor-id=\"2562\" class=\"elementor elementor-2562\" data-elementor-post-type=\"page\">\n\t\t\t\t<div class=\"elementor-element elementor-element-70203d5 e-flex e-con-boxed e-con e-parent\" data-id=\"70203d5\" data-element_type=\"container\">\n\t\t\t\t\t<div class=\"e-con-inner\">\n\t\t<div class=\"elementor-element elementor-element-e17227a e-con-full e-flex e-con e-child\" data-id=\"e17227a\" data-element_type=\"container\">\n\t\t\t\t<div class=\"elementor-element elementor-element-c95bd6b elementor-widget elementor-widget-tj-about-images\" data-id=\"c95bd6b\" data-element_type=\"widget\" data-widget_type=\"tj-about-images.default\">\n\t\t\t\t<div class=\"elementor-widget-container\">\n\t\t\t\t\t\r\n<div class=\"about-group-image2 d-flex flex-wrap align-items-start flex-column\">\r\n\r\n      <div class=\"image-box\" >\r\n      <img decoding=\"async\" class=\"p-z-idex\" src=\"https:\/\/pannonexpress.hu\/wp-content\/uploads\/2024\/03\/shipment-transport-by-truck.jpg\" alt=\"Shipment Transport by Truck\">\r\n    <\/div>\r\n  \r\n      <img decoding=\"async\" class=\"group-1 p-z-idex\"  src=\"https:\/\/pannonexpress.hu\/wp-content\/uploads\/2024\/03\/group-trucks-parked-row-scaled.jpg\" alt=\"Group of trucks parked in a row.\">\r\n  \r\n  <img decoding=\"async\" class=\"group-shape\" src=\"http:\/\/pannonexpress.hu\/wp-content\/themes\/logiland\/assets\/images\/shapes\/ab-shape.png\" alt=\"shape\">\r\n<\/div>\r\n\r\n\t\t\t\t<\/div>\n\t\t\t\t<\/div>\n\t\t\t\t<\/div>\n\t\t<div class=\"elementor-element elementor-element-79bf2aa e-con-full e-flex e-con e-child\" data-id=\"79bf2aa\" data-element_type=\"container\">\n\t\t\t\t<div class=\"elementor-element elementor-element-64b715a tj_section_align elementor-align-left elementor-widget elementor-widget-tj-section-title\" data-id=\"64b715a\" data-element_type=\"widget\" data-widget_type=\"tj-section-title.default\">\n\t\t\t\t<div class=\"elementor-widget-container\">\n\t\t\t\t\t\r\n<div class=\"tj-section-heading\">\r\n\r\n      <span class=\"sub-title active-shape\" >\r\n      Learn about our services    <\/span>\r\n  \r\n  <h2 class=\"title\" data-wow-delay=\"\">Road transport and freight forwarding<\/h2>\r\n      <p class=\"desc\" >\r\n      Our fleet ranges from 3.5 tonne vans to 40 tonne trucks, with an average age of 3 years.  We use our proprietary ERP system to facilitate and simplify the following workflows:\n<ul>\n<li>automated processing of transport orders,<\/li>\n<li>electronic processing and transmission of transport documents,<\/li>\n<li>electronic invoicing,<\/li>\n<li>pallet handling.<\/li>\n<\/ul>    <\/p>\r\n  \r\n<\/div>\r\n\r\n\t\t\t\t<\/div>\n\t\t\t\t<\/div>\n\t\t\t\t<\/div>\n\t\t\t\t\t<\/div>\n\t\t\t\t<\/div>\n\t\t<div class=\"elementor-element elementor-element-4020774 e-flex e-con-boxed e-con e-parent\" data-id=\"4020774\" data-element_type=\"container\">\n\t\t\t\t\t<div class=\"e-con-inner\">\n\t\t\t\t<div class=\"elementor-element elementor-element-0a80cd3 elementor-widget elementor-widget-text-editor\" data-id=\"0a80cd3\" data-element_type=\"widget\" data-widget_type=\"text-editor.default\">\n\t\t\t\t<div class=\"elementor-widget-container\">\n\t\t\t\t\t\t\t\t\t<h2><strong>Inland transport<\/strong><\/h2><ul><li>Transport of complete loads,<\/li><li>Domestic groupage: groupage (palletised) is covered in Hungary by a network of depots located in the county capitals. The collection points enable distribution to all our customers throughout Hungary within 24 hours of receipt at the central warehouse in Dunaharaszti.<\/li><\/ul><h2><strong>International freight forwarding<\/strong><\/h2><ul><li>For export and import, we transport complete truckloads to all countries of the European Union, as well as to Ukraine, Russia, Moldova and Serbia.<\/li><li>International groupage for export and import to all countries of the European Union.<\/li><\/ul><h2><strong>Mixed, domestic and international transport<\/strong><\/h2><ul><li>Transport of complete, part and groupage consignments, national and cross-border on request. Our service area covers the EU Member States as well as Ukraine, Russia, Moldova and Serbia.<\/li><li>We provide complex route planning advice.<\/li><\/ul>\t\t\t\t\t\t\t\t<\/div>\n\t\t\t\t<\/div>\n\t\t\t\t\t<\/div>\n\t\t\t\t<\/div>\n\t\t<div class=\"elementor-element elementor-element-fc7f2f0 e-flex e-con-boxed e-con e-parent\" data-id=\"fc7f2f0\" data-element_type=\"container\" data-settings=\"{&quot;background_background&quot;:&quot;classic&quot;}\">\n\t\t\t\t\t<div class=\"e-con-inner\">\n\t\t<div class=\"elementor-element elementor-element-9aa92f4 e-con-full e-flex e-con e-child\" data-id=\"9aa92f4\" data-element_type=\"container\">\n\t\t\t\t<div class=\"elementor-element elementor-element-6394060 tj_section_align elementor-align-left elementor-widget elementor-widget-tj-section-title\" data-id=\"6394060\" data-element_type=\"widget\" data-widget_type=\"tj-section-title.default\">\n\t\t\t\t<div class=\"elementor-widget-container\">\n\t\t\t\t\t\r\n<div class=\"tj-section-heading\">\r\n\r\n      <span class=\"sub-title active-shape\" >\r\n      WHY CHOOSE US?    <\/span>\r\n  \r\n  <h2 class=\"title\" data-wow-delay=\"\">Because logistics is our passion<\/h2>\r\n      <p class=\"desc\" >\r\n      Our expert team and many years of experience make us the right choice.    <\/p>\r\n  \r\n<\/div>\r\n\r\n\t\t\t\t<\/div>\n\t\t\t\t<\/div>\n\t\t<div class=\"elementor-element elementor-element-b63e429 e-con-full e-flex e-con e-child\" data-id=\"b63e429\" data-element_type=\"container\">\n\t\t\t\t<div class=\"elementor-element elementor-element-612b5f6 elementor-widget elementor-widget-tj-feature-box\" data-id=\"612b5f6\" data-element_type=\"widget\" data-widget_type=\"tj-feature-box.default\">\n\t\t\t\t<div class=\"elementor-widget-container\">\n\t\t\t\t\t\r\n<div class=\"tj-icon-box3 text-center\" >\r\n      \r\n      <i aria-hidden=\"true\" class=\"tj flaticon-courier\"><\/i>\r\n      \r\n  <h5 class=\"title\">Optimised solutions<\/h5>\r\n<\/div>\r\n\t\t\t\t<\/div>\n\t\t\t\t<\/div>\n\t\t\t\t<div class=\"elementor-element elementor-element-87c162a elementor-widget elementor-widget-tj-feature-box\" data-id=\"87c162a\" data-element_type=\"widget\" data-widget_type=\"tj-feature-box.default\">\n\t\t\t\t<div class=\"elementor-widget-container\">\n\t\t\t\t\t\r\n<div class=\"tj-icon-box3 text-center\" >\r\n      \r\n      <i aria-hidden=\"true\" class=\"tj flaticon-cargo\"><\/i>\r\n      \r\n  <h5 class=\"title\">Exact deadlines<\/h5>\r\n<\/div>\r\n\t\t\t\t<\/div>\n\t\t\t\t<\/div>\n\t\t\t\t<div class=\"elementor-element elementor-element-edd7201 elementor-widget elementor-widget-tj-feature-box\" data-id=\"edd7201\" data-element_type=\"widget\" data-widget_type=\"tj-feature-box.default\">\n\t\t\t\t<div class=\"elementor-widget-container\">\n\t\t\t\t\t\r\n<div class=\"tj-icon-box3 text-center\" >\r\n      \r\n      <i aria-hidden=\"true\" class=\"tj flaticon-agreement\"><\/i>\r\n      \r\n  <h5 class=\"title\">Safety &amp; prudence<\/h5>\r\n<\/div>\r\n\t\t\t\t<\/div>\n\t\t\t\t<\/div>\n\t\t\t\t<\/div>\n\t\t\t\t<\/div>\n\t\t<div class=\"elementor-element elementor-element-7c0d482 e-con-full e-flex e-con e-child\" data-id=\"7c0d482\" data-element_type=\"container\">\n\t\t\t\t<div class=\"elementor-element elementor-element-ec12eaf elementor-widget elementor-widget-tj-form-tab\" data-id=\"ec12eaf\" data-element_type=\"widget\" data-widget_type=\"tj-form-tab.default\">\n\t\t\t\t<div class=\"elementor-widget-container\">\n\t\t\t\t\t\r\n<div class=\"slider-tabs slider-tabs-two\" >\r\n      <ul class=\"nav nav-pills\" id=\"pills-tab\" role=\"tablist\">\r\n\r\n              <li class=\"nav-item\" role=\"presentation\">\r\n          <button class=\"nav-link active\" data-bs-toggle=\"pill\" data-bs-target=\"#form-tabec12eaf-1\" type=\"button\" role=\"tab\" aria-selected=\"true\">\r\n\r\n            <i aria-hidden=\"true\" class=\"tj flaticon-shipped\"><\/i>Road Freight          <\/button>\r\n        <\/li>\r\n          <\/ul>\r\n    <div class=\"tab-content\" id=\"pills-tabContent\">\r\n\r\n              <div class=\"tab-pane fade show active\" id=\"form-tabec12eaf-1\" role=\"tabpanel\">\r\n          <div class=\"tj-input-form\" data-bg-image=\"http:\/\/pannonexpress.hu\/wp-content\/themes\/logiland\/assets\/images\/shapes\/form-shape.png\">\r\n\r\n                          \n<div class=\"wpcf7 no-js\" id=\"wpcf7-f264-o1\" lang=\"en-US\" dir=\"ltr\" data-wpcf7-id=\"264\">\n<div class=\"screen-reader-response\"><p role=\"status\" aria-live=\"polite\" aria-atomic=\"true\"><\/p> <ul><\/ul><\/div>\n<form action=\"\/en\/wp-json\/wp\/v2\/pages\/2562#wpcf7-f264-o1\" method=\"post\" class=\"wpcf7-form init\" aria-label=\"Contact form\" novalidate=\"novalidate\" data-status=\"init\" data-trp-original-action=\"\/en\/wp-json\/wp\/v2\/pages\/2562#wpcf7-f264-o1\">\n<fieldset class=\"hidden-fields-container\"><input type=\"hidden\" name=\"_wpcf7\" value=\"264\" \/><input type=\"hidden\" name=\"_wpcf7_version\" value=\"6.1.4\" \/><input type=\"hidden\" name=\"_wpcf7_locale\" value=\"en_US\" \/><input type=\"hidden\" name=\"_wpcf7_unit_tag\" value=\"wpcf7-f264-o1\" \/><input type=\"hidden\" name=\"_wpcf7_container_post\" value=\"0\" \/><input type=\"hidden\" name=\"_wpcf7_posted_data_hash\" value=\"\" \/>\n<\/fieldset>\n<!DOCTYPE html>\n<html lang=\"hu\">\n<head>\n    <meta charset=\"UTF-8\">\n    <title>\u0170rlap<\/title>\n    <style>\n        .mb-15 {\n            margin-bottom: 15px;\n        }\n        .full-width {\n            width: 100%; \/* Sz\u00e9less\u00e9g be\u00e1ll\u00edt\u00e1sa 100%-ra *\/\n        }\n    <\/style>\n<\/head>\n<body>\n    <div class=\"row\">\n        <div class=\"col-md-12\">\n            <div class=\"input-form\">\n                <label for=\"fname\" class=\"d-block\">Your name:<\/label>\n                <input type=\"text\" id=\"fname\" name=\"fname\" placeholder=\"Full Name\" required>\n            <\/div>\n        <\/div>\n        <div class=\"col-md-6\">\n            <div class=\"input-form\">\n                <label for=\"email\" class=\"d-block\">E-mail address:<\/label>\n                <input type=\"email\" id=\"email\" name=\"email\" placeholder=\"E-mail\" required>\n            <\/div>\n        <\/div>\n        <div class=\"col-md-6\">\n            <div class=\"input-form\">\n                <label for=\"phone\" class=\"d-block\">Phone number:<\/label>\n                <input type=\"tel\" id=\"phone\" name=\"phone\" placeholder=\"Phone\" required>\n            <\/div>\n        <\/div>\n        <div class=\"col-lg-12 mb-15\">\n            <div class=\"input-form tj-select\">\n                <label for=\"transport-type\">Type of delivery:<\/label>\n                <select id=\"transport-type\" name=\"transport-type\" class=\"nice-select full-width\">\n                    <option value=\"\">Choose...<\/option>\n                    <option value=\"domestic\">Domestic<\/option>\n                    <option value=\"international\">International<\/option>\n                    <option value=\"both\">Domestic and international<\/option>\n                <\/select>\n            <\/div>\n        <\/div>\n        <div class=\"col-lg-12 mb-15\">\n            <div class=\"input-form tj-select\">\n                <label for=\"freight-type\">Delivery:<\/label>\n                <select id=\"freight-type\" name=\"freight-type\" class=\"nice-select full-width\">\n                    <option value=\"\">Select from<\/option>\n                    <option value=\"option1\">Raklapos<\/option>\n                    <option value=\"option2\">Collector<\/option>\n                    <option value=\"option3\">Complete truck<\/option>\n                <\/select>\n            <\/div>\n        <\/div>\n    <\/div>\n    <div class=\"tj-theme-button\">\n        <button class=\"tj-submit-btn\" type=\"submit\" value=\"submit\">\n            Sending! <i class=\"fa fa-arrow-right\"><\/i>\n        <\/button>\n    <\/div>\n<\/body>\n<\/html><div class=\"wpcf7-response-output\" aria-hidden=\"true\"><\/div>\n<input type=\"hidden\" name=\"trp-form-language\" value=\"en\"\/><\/form>\n<\/div>\n            \r\n          <\/div>\r\n        <\/div>\r\n      \r\n    <\/div>\r\n  <\/div>\r\n\t\t\t\t<\/div>\n\t\t\t\t<\/div>\n\t\t\t\t<\/div>\n\t\t\t\t\t<\/div>\n\t\t\t\t<\/div>\n\t\t<div class=\"elementor-element elementor-element-fae013a e-flex e-con-boxed e-con e-parent\" data-id=\"fae013a\" data-element_type=\"container\">\n\t\t\t\t\t<div class=\"e-con-inner\">\n\t\t<div class=\"elementor-element elementor-element-f49357a e-con-full e-flex e-con e-child\" data-id=\"f49357a\" data-element_type=\"container\">\n\t\t\t\t<div class=\"elementor-element elementor-element-fd7d7de elementor-widget elementor-widget-tj-icon-box\" data-id=\"fd7d7de\" data-element_type=\"widget\" data-widget_type=\"tj-icon-box.default\">\n\t\t\t\t<div class=\"elementor-widget-container\">\n\t\t\t\t\t\r\n<div class=\"tj-contact-page\">\r\n\r\n  <div class=\"tj-contact-list\" >\r\n\r\n          <div class=\"contact-icon\">\r\n        <i aria-hidden=\"true\" class=\"tj flaticon-phone-call\"><\/i>      <\/div>\r\n    \r\n    <div class=\"contact-header\">\r\n              <span>Contact us!<\/span>\r\n      \r\n                            <a href=\"tel:+36 24 540 425\">+36 24 540 425<\/a>\r\n          \r\n          <\/div>\r\n  <\/div>\r\n<\/div>\r\n\r\n\t\t\t\t<\/div>\n\t\t\t\t<\/div>\n\t\t\t\t<\/div>\n\t\t<div class=\"elementor-element elementor-element-96ba493 e-con-full e-flex e-con e-child\" data-id=\"96ba493\" data-element_type=\"container\">\n\t\t\t\t<div class=\"elementor-element elementor-element-0ad656c elementor-widget elementor-widget-tj-icon-box\" data-id=\"0ad656c\" data-element_type=\"widget\" data-widget_type=\"tj-icon-box.default\">\n\t\t\t\t<div class=\"elementor-widget-container\">\n\t\t\t\t\t\r\n<div class=\"tj-contact-page\">\r\n\r\n  <div class=\"tj-contact-list\" >\r\n\r\n          <div class=\"contact-icon\">\r\n        <i aria-hidden=\"true\" class=\"tj flaticon-email-3\"><\/i>      <\/div>\r\n    \r\n    <div class=\"contact-header\">\r\n              <span>Send your question by e-mail!<\/span>\r\n      \r\n                            <a href=\"mailto:iroda@pannonexpress.hu\">iroda@pannonexpress.hu<\/a>\r\n          \r\n          <\/div>\r\n  <\/div>\r\n<\/div>\r\n\r\n\t\t\t\t<\/div>\n\t\t\t\t<\/div>\n\t\t\t\t<\/div>\n\t\t<div class=\"elementor-element elementor-element-2185197 e-con-full e-flex e-con e-child\" data-id=\"2185197\" data-element_type=\"container\">\n\t\t\t\t<div class=\"elementor-element elementor-element-00c0205 elementor-widget elementor-widget-tj-icon-box\" data-id=\"00c0205\" data-element_type=\"widget\" data-widget_type=\"tj-icon-box.default\">\n\t\t\t\t<div class=\"elementor-widget-container\">\n\t\t\t\t\t\r\n<div class=\"tj-contact-page\">\r\n\r\n  <div class=\"tj-contact-list\" >\r\n\r\n          <div class=\"contact-icon\">\r\n        <i aria-hidden=\"true\" class=\"tj flaticon-map\"><\/i>      <\/div>\r\n    \r\n    <div class=\"contact-header\">\r\n              <span>Our location:<\/span>\r\n      \r\n                                          <a href=\"#\">2330 Dunaharaszti, Rakt\u00e1r utca 8.<\/a>\r\n                      \r\n          <\/div>\r\n  <\/div>\r\n<\/div>\r\n\r\n\t\t\t\t<\/div>\n\t\t\t\t<\/div>\n\t\t\t\t<\/div>\n\t\t\t\t\t<\/div>\n\t\t\t\t<\/div>\n\t\t\t\t<\/div>","protected":false},"excerpt":{"rendered":"<p>Find out about our services Road haulage and freight forwarding Our fleet ranges from 3.5 tonne vans to 40 tonne trucks, with an average age of 3 years.  Using our proprietary ERP system, we facilitate and simplify the following workflows: automated processing of transport orders, electronic processing and transmission of transport documents, electronic invoicing, pallet management. Inland freight forwarding Full load transport, Inland groupage: groupage (pallet) transport is [...]<\/p>","protected":false},"author":1,"featured_media":0,"parent":0,"menu_order":0,"comment_status":"closed","ping_status":"closed","template":"","meta":{"_acf_changed":false,"footnotes":""},"class_list":["post-2562","page","type-page","status-publish","hentry"],"acf":[],"_links":{"self":[{"href":"http:\/\/pannonexpress.hu\/en\/wp-json\/wp\/v2\/pages\/2562","targetHints":{"allow":["GET"]}}],"collection":[{"href":"http:\/\/pannonexpress.hu\/en\/wp-json\/wp\/v2\/pages"}],"about":[{"href":"http:\/\/pannonexpress.hu\/en\/wp-json\/wp\/v2\/types\/page"}],"author":[{"embeddable":true,"href":"http:\/\/pannonexpress.hu\/en\/wp-json\/wp\/v2\/users\/1"}],"replies":[{"embeddable":true,"href":"http:\/\/pannonexpress.hu\/en\/wp-json\/wp\/v2\/comments?post=2562"}],"version-history":[{"count":28,"href":"http:\/\/pannonexpress.hu\/en\/wp-json\/wp\/v2\/pages\/2562\/revisions"}],"predecessor-version":[{"id":3267,"href":"http:\/\/pannonexpress.hu\/en\/wp-json\/wp\/v2\/pages\/2562\/revisions\/3267"}],"wp:attachment":[{"href":"http:\/\/pannonexpress.hu\/en\/wp-json\/wp\/v2\/media?parent=2562"}],"curies":[{"name":"wp","href":"https:\/\/api.w.org\/{rel}","templated":true}]}}