{"id":2501,"date":"2024-03-22T12:54:26","date_gmt":"2024-03-22T11:54:26","guid":{"rendered":"https:\/\/pannonexpress.hu\/?page_id=2501"},"modified":"2024-03-22T13:20:33","modified_gmt":"2024-03-22T12:20:33","slug":"palyazat","status":"publish","type":"page","link":"https:\/\/pannonexpress.hu\/de\/palyazat\/","title":{"rendered":"Bewerben bei"},"content":{"rendered":"<div data-elementor-type=\"wp-page\" data-elementor-id=\"2501\" class=\"elementor elementor-2501\" data-elementor-post-type=\"page\">\n\t\t\t\t<div class=\"elementor-element elementor-element-efcc4ba e-flex e-con-boxed e-con e-parent\" data-id=\"efcc4ba\" data-element_type=\"container\">\n\t\t\t\t\t<div class=\"e-con-inner\">\n\t\t\t\t<div class=\"elementor-element elementor-element-109e7f9 tj_section_align elementor-align-left elementor-widget elementor-widget-tj-section-title\" data-id=\"109e7f9\" data-element_type=\"widget\" data-widget_type=\"tj-section-title.default\">\n\t\t\t\t<div class=\"elementor-widget-container\">\n\t\t\t\t\t\r\n<div class=\"tj-section-heading\">\r\n\r\n      <span class=\"sub-title active-shape wow fadeInUp\" data-wow-delay=\"0.3s\">\r\n      VEKOP-1.2.6-20-2020-00086    <\/span>\r\n  \r\n  <h2 class=\"title wow fadeInUp\" data-wow-delay=\"0.5\">Informationen zur Bewerbung<\/h2>\r\n      <p class=\"desc wow fadeInUp\" data-wow-delay=\"0.7s\">\r\n      <b>den Namen des Beg\u00fcnstigten:<\/b> Pannon Express Logistics Service Ltd.<br>\n<b>den Titel des Projekts:<\/b> Technologieentwicklung bei Pannon Express<br>\n<b>die H\u00f6he der vertraglich vereinbarten Beihilfe:<\/b> 35 442 268,-Ft<br>\n<b>die H\u00f6he der Beihilfe: <\/b>70%<br>\n<b>eine Pr\u00e4sentation des Inhalts des Projekts:<\/b>\n<div style=\"margin-left:40px\">\n<ul>\n<li>Optimierung der Organisationsstruktur und der T\u00e4tigkeiten<\/li>\n<li>IBCNet Logistiksoftware und mobile App<\/li>\n<li>Raupenfahrzeug S41<\/li>\n<li>DAHUA IP-Kamera-System<\/li>\n<li>Tablette Apple Ipad Air 3 MUUK2<\/li>\n<li>Toyota Levio LPE200 Elektro-Gabelstapler<\/li>\n<li>Apple iPhone SE<\/li>\n<li>Asus 4G-AC68U<\/li>\n<li>Samsung Galaxy A71<\/li>\n<li>Toyota Reflex RRE-140B Elektro-Gabelstapler<\/li>\n<li>VDO DLK PRO TIS-COMPAC<\/li>\n<li>NJOY Argus 3000<\/li>\n<li>Toyota Lifter LHM230P hydraulischer Handpalettierer<\/li>\n<li>Toyota Lifter LHM230P hydraulischer Handpalettierer\nVDO SmartTerminal<\/li>\n<\/ul>\n<\/div>\n<b>Anschrift des Ortes der Durchf\u00fchrung: <\/b>2330 Dunaharaszti, Rakt\u00e1r u. 8. (7603 Kad.)<br>\n<b>das Datum des Projektabschlusses:<\/b> 21. Dezember 2021.<br>\n<b>Projekt-ID-Nummer:<\/b> VEKOP-1.2.6-20-2020-00086<br>    <\/p>\r\n  \r\n<\/div>\r\n\r\n\t\t\t\t<\/div>\n\t\t\t\t<\/div>\n\t\t\t\t\t<\/div>\n\t\t\t\t<\/div>\n\t\t\t\t<\/div>","protected":false},"excerpt":{"rendered":"<p>VEKOP-1.2.6-20-2020-00086 Ausschreibungsinformationen Name des Beg\u00fcnstigten: Pannon Express Logisztikai Szolg\u00e1ltat\u00f3 Kft. Bezeichnung des Vorhabens: Technologieentwicklung bei Pannon Express H\u00f6he der vertraglich vereinbarten Beihilfe: 35 442 268,-Ft Beihilfesatz: 70% Beschreibung des Vorhabens Inhalt: Organisationsstruktur, Optimierung der T\u00e4tigkeiten IBCNet Logistics Software und mobile Anwendung Caterpillar S41 DAHUA IP-Kamerasystem Tablet Apple Ipad Air 3 MUUK2 Toyota [...]<\/p>","protected":false},"author":1,"featured_media":0,"parent":0,"menu_order":0,"comment_status":"closed","ping_status":"closed","template":"","meta":{"_acf_changed":false,"footnotes":""},"class_list":["post-2501","page","type-page","status-publish","hentry"],"acf":[],"_links":{"self":[{"href":"https:\/\/pannonexpress.hu\/de\/wp-json\/wp\/v2\/pages\/2501","targetHints":{"allow":["GET"]}}],"collection":[{"href":"https:\/\/pannonexpress.hu\/de\/wp-json\/wp\/v2\/pages"}],"about":[{"href":"https:\/\/pannonexpress.hu\/de\/wp-json\/wp\/v2\/types\/page"}],"author":[{"embeddable":true,"href":"https:\/\/pannonexpress.hu\/de\/wp-json\/wp\/v2\/users\/1"}],"replies":[{"embeddable":true,"href":"https:\/\/pannonexpress.hu\/de\/wp-json\/wp\/v2\/comments?post=2501"}],"version-history":[{"count":6,"href":"https:\/\/pannonexpress.hu\/de\/wp-json\/wp\/v2\/pages\/2501\/revisions"}],"predecessor-version":[{"id":2510,"href":"https:\/\/pannonexpress.hu\/de\/wp-json\/wp\/v2\/pages\/2501\/revisions\/2510"}],"wp:attachment":[{"href":"https:\/\/pannonexpress.hu\/de\/wp-json\/wp\/v2\/media?parent=2501"}],"curies":[{"name":"wp","href":"https:\/\/api.w.org\/{rel}","templated":true}]}}