{"id":2511,"date":"2024-03-22T14:35:31","date_gmt":"2024-03-22T13:35:31","guid":{"rendered":"https:\/\/pannonexpress.hu\/?page_id=2511"},"modified":"2024-07-04T09:35:05","modified_gmt":"2024-07-04T08:35:05","slug":"cegtortenet","status":"publish","type":"page","link":"https:\/\/pannonexpress.hu\/de\/cegtortenet\/","title":{"rendered":"Geschichte des Unternehmens"},"content":{"rendered":"<div data-elementor-type=\"wp-page\" data-elementor-id=\"2511\" class=\"elementor elementor-2511\" data-elementor-post-type=\"page\">\n\t\t\t\t<div class=\"elementor-element elementor-element-705688a e-flex e-con-boxed e-con e-parent\" data-id=\"705688a\" data-element_type=\"container\">\n\t\t\t\t\t<div class=\"e-con-inner\">\n\t\t<div class=\"elementor-element elementor-element-83e421a e-con-full e-flex e-con e-child\" data-id=\"83e421a\" data-element_type=\"container\">\n\t\t\t\t<div class=\"elementor-element elementor-element-aef018b elementor-widget elementor-widget-tj-about-images\" data-id=\"aef018b\" data-element_type=\"widget\" data-widget_type=\"tj-about-images.default\">\n\t\t\t\t<div class=\"elementor-widget-container\">\n\t\t\t\t\t\r\n<div class=\"about-group-image2 d-flex flex-wrap align-items-start flex-column\">\r\n\r\n      <div class=\"image-box\" >\r\n      <img decoding=\"async\" class=\"p-z-idex\" src=\"https:\/\/pannonexpress.hu\/wp-content\/uploads\/2024\/03\/trucks-highway-mountain-sunset-scaled.jpg\" alt=\"trucks on highway in mountain at sunset\">\r\n    <\/div>\r\n  \r\n      <img decoding=\"async\" class=\"group-1 p-z-idex\"  src=\"https:\/\/pannonexpress.hu\/wp-content\/uploads\/2024\/03\/modern-truck-filled-with-shipping-boxes-warehouse-bay-logistics-delivery-generative-ai-scaled.jpg\" alt=\"modern-truck-filled-with-shipping-boxes-warehouse-bay-logistics-delivery-generative-ai\">\r\n  \r\n  <img decoding=\"async\" class=\"group-shape\" src=\"https:\/\/pannonexpress.hu\/wp-content\/themes\/logiland\/assets\/images\/shapes\/ab-shape.png\" alt=\"shape\">\r\n<\/div>\r\n\r\n\t\t\t\t<\/div>\n\t\t\t\t<\/div>\n\t\t\t\t<\/div>\n\t\t<div class=\"elementor-element elementor-element-4b2f0cc e-con-full e-flex e-con e-child\" data-id=\"4b2f0cc\" data-element_type=\"container\">\n\t\t\t\t<div class=\"elementor-element elementor-element-83968ec tj_section_align elementor-align-left elementor-widget elementor-widget-tj-section-title\" data-id=\"83968ec\" data-element_type=\"widget\" data-widget_type=\"tj-section-title.default\">\n\t\t\t\t<div class=\"elementor-widget-container\">\n\t\t\t\t\t\r\n<div class=\"tj-section-heading\">\r\n\r\n      <span class=\"sub-title active-shape\" >\r\n      Weitere Informationen    <\/span>\r\n  \r\n  <h2 class=\"title\" data-wow-delay=\"\">Unsere Geschichte<\/h2>\r\n      <p class=\"desc\" >\r\n      Pannon Express Ltd. ist ein 2001 gegr\u00fcndetes Unternehmen in ungarischem Besitz, das \u00fcber sehr erfahrene Mitarbeiter im Bereich der nationalen und internationalen Logistik verf\u00fcgt.<br><br>Aufgrund der dynamischen Entwicklung unseres Unternehmens haben wir 2008 ein eigenes Logistikzentrum in Szigetszentmikl\u00f3s im Industriepark Leshegy errichtet.<br><br>\nIm Jahr 2017 sind wir nach Dunaharaszti umgezogen, wo wir unseren Kunden ein 2000 m2 gro\u00dfes Lager, einen modernen Maschinenpark und eine moderne B\u00fcroumgebung zur Verf\u00fcgung stellen.    <\/p>\r\n  \r\n<\/div>\r\n\r\n\t\t\t\t<\/div>\n\t\t\t\t<\/div>\n\t\t\t\t<\/div>\n\t\t\t\t\t<\/div>\n\t\t\t\t<\/div>\n\t\t<div class=\"elementor-element elementor-element-a1c78aa e-flex e-con-boxed e-con e-parent\" data-id=\"a1c78aa\" data-element_type=\"container\">\n\t\t\t\t\t<div class=\"e-con-inner\">\n\t\t\t\t<div class=\"elementor-element elementor-element-9151394 elementor-widget elementor-widget-text-editor\" data-id=\"9151394\" data-element_type=\"widget\" data-widget_type=\"text-editor.default\">\n\t\t\t\t<div class=\"elementor-widget-container\">\n\t\t\t\t\t\t\t\t\t<p>Die landesweite Abdeckung des nationalen Sammelgutverkehrs wird durch ein Netz von Depots in den Komitatshauptst\u00e4dten gew\u00e4hrleistet. Diese Sammelstellen erm\u00f6glichen die Verteilung innerhalb von 24 Stunden nach Abholung an alle unsere gesch\u00e4tzten Kunden in ganz Ungarn. Nat\u00fcrlich stehen wir auch allen unseren bestehenden und zuk\u00fcnftigen Partnern f\u00fcr Komplettladungen oder andere spezielle Anforderungen zur Verf\u00fcgung.<\/p><p>Im internationalen Verkehr f\u00fchren wir Sammelgut- und Komplettladungen sowohl f\u00fcr den Export als auch f\u00fcr den Import durch. Wir bieten einen speziellen Service f\u00fcr \u00d6sterreich, Deutschland, die Benelux-L\u00e4nder, Frankreich, die Tschechische Republik, die Slowakei und andere L\u00e4nder. Andere Bestimmungsorte.<\/p><p>Unser Unternehmen hat sich erfolgreich um EU-F\u00f6rdermittel beworben. Dank der Nationalen Entwicklungsagentur konnten wir Maschinen kaufen und IT-Verbesserungen durchf\u00fchren.<\/p>\t\t\t\t\t\t\t\t<\/div>\n\t\t\t\t<\/div>\n\t\t\t\t<div class=\"elementor-element elementor-element-e832891 tj_section_align elementor-align-left elementor-widget elementor-widget-tj-section-title\" data-id=\"e832891\" data-element_type=\"widget\" data-widget_type=\"tj-section-title.default\">\n\t\t\t\t<div class=\"elementor-widget-container\">\n\t\t\t\t\t\r\n<div class=\"tj-section-heading\">\r\n\r\n      <span class=\"sub-title active-shape\" >\r\n      Logistik ist unsere Leidenschaft    <\/span>\r\n  \r\n  <h2 class=\"title\" data-wow-delay=\"\">Unser Auftrag<\/h2>\r\n  \r\n<\/div>\r\n\r\n\t\t\t\t<\/div>\n\t\t\t\t<\/div>\n\t\t\t\t<div class=\"elementor-element elementor-element-57286cf elementor-widget elementor-widget-text-editor\" data-id=\"57286cf\" data-element_type=\"widget\" data-widget_type=\"text-editor.default\">\n\t\t\t\t<div class=\"elementor-widget-container\">\n\t\t\t\t\t\t\t\t\t<p>Unser Ziel ist es, zum Erfolg unserer Kunden beizutragen, indem wir daf\u00fcr sorgen, dass ihre Produkte und Waren sicher, effizient und p\u00fcnktlich ihr Ziel erreichen. Mit unseren hochwertigen Speditions- und Transportdienstleistungen und unserem Engagement f\u00fcr Qualit\u00e4t, P\u00fcnktlichkeit und Kundenorientierung sind wir bestrebt, jeden einzelnen Transportbedarf mit einem hohen Ma\u00df an Pr\u00e4zision und Sorgfalt zu erf\u00fcllen.<\/p><p>Unser Ziel ist es, unsere Partner zu inspirieren und sie dabei zu unterst\u00fctzen, auf den globalen M\u00e4rkten wettbewerbsf\u00e4higer zu sein und gleichzeitig nachhaltig zu wirtschaften, wobei wir die Bedeutung der \u00f6kologischen und sozialen Verantwortung ber\u00fccksichtigen.<\/p><p>Egal, ob Sie einen lokalen, nationalen oder internationalen Transport ben\u00f6tigen, Sie k\u00f6nnen sicher sein, dass unser Unternehmen all seine Ressourcen einsetzen wird, um Ihre Bed\u00fcrfnisse zu erf\u00fcllen und Ihre Erwartungen zu \u00fcbertreffen.<\/p>\t\t\t\t\t\t\t\t<\/div>\n\t\t\t\t<\/div>\n\t\t\t\t\t<\/div>\n\t\t\t\t<\/div>\n\t\t<div class=\"elementor-element elementor-element-7f4d816 e-flex e-con-boxed e-con e-parent\" data-id=\"7f4d816\" data-element_type=\"container\" data-settings=\"{&quot;background_background&quot;:&quot;classic&quot;}\">\n\t\t\t\t\t<div class=\"e-con-inner\">\n\t\t<div class=\"elementor-element elementor-element-8b25bb6 e-con-full e-flex e-con e-child\" data-id=\"8b25bb6\" data-element_type=\"container\">\n\t\t\t\t<div class=\"elementor-element elementor-element-0b03b3f tj_section_align elementor-align-left elementor-widget elementor-widget-tj-section-title\" data-id=\"0b03b3f\" data-element_type=\"widget\" data-widget_type=\"tj-section-title.default\">\n\t\t\t\t<div class=\"elementor-widget-container\">\n\t\t\t\t\t\r\n<div class=\"tj-section-heading\">\r\n\r\n      <span class=\"sub-title active-shape\" >\r\n      WARUM W\u00c4HLEN SIE UNS?    <\/span>\r\n  \r\n  <h2 class=\"title\" data-wow-delay=\"\">Weil Logistik unsere Leidenschaft ist<\/h2>\r\n      <p class=\"desc\" >\r\n      Mit unserem kompetenten Team und unserer langj\u00e4hrigen Erfahrung sind wir die richtige Wahl.    <\/p>\r\n  \r\n<\/div>\r\n\r\n\t\t\t\t<\/div>\n\t\t\t\t<\/div>\n\t\t<div class=\"elementor-element elementor-element-d93e6ab e-con-full e-flex e-con e-child\" data-id=\"d93e6ab\" data-element_type=\"container\">\n\t\t\t\t<div class=\"elementor-element elementor-element-287bf5f elementor-widget elementor-widget-tj-feature-box\" data-id=\"287bf5f\" data-element_type=\"widget\" data-widget_type=\"tj-feature-box.default\">\n\t\t\t\t<div class=\"elementor-widget-container\">\n\t\t\t\t\t\r\n<div class=\"tj-icon-box3 text-center\" >\r\n      \r\n      <i aria-hidden=\"true\" class=\"tj flaticon-courier\"><\/i>\r\n      \r\n  <h5 class=\"title\">Optimierte L\u00f6sungen<\/h5>\r\n<\/div>\r\n\t\t\t\t<\/div>\n\t\t\t\t<\/div>\n\t\t\t\t<div class=\"elementor-element elementor-element-44cac56 elementor-widget elementor-widget-tj-feature-box\" data-id=\"44cac56\" data-element_type=\"widget\" data-widget_type=\"tj-feature-box.default\">\n\t\t\t\t<div class=\"elementor-widget-container\">\n\t\t\t\t\t\r\n<div class=\"tj-icon-box3 text-center\" >\r\n      \r\n      <i aria-hidden=\"true\" class=\"tj flaticon-cargo\"><\/i>\r\n      \r\n  <h5 class=\"title\">Genaue Fristen<\/h5>\r\n<\/div>\r\n\t\t\t\t<\/div>\n\t\t\t\t<\/div>\n\t\t\t\t<div class=\"elementor-element elementor-element-1faa4ce elementor-widget elementor-widget-tj-feature-box\" data-id=\"1faa4ce\" data-element_type=\"widget\" data-widget_type=\"tj-feature-box.default\">\n\t\t\t\t<div class=\"elementor-widget-container\">\n\t\t\t\t\t\r\n<div class=\"tj-icon-box3 text-center\" >\r\n      \r\n      <i aria-hidden=\"true\" class=\"tj flaticon-agreement\"><\/i>\r\n      \r\n  <h5 class=\"title\">Sicherheit und Umsicht<\/h5>\r\n<\/div>\r\n\t\t\t\t<\/div>\n\t\t\t\t<\/div>\n\t\t\t\t<\/div>\n\t\t\t\t<\/div>\n\t\t<div class=\"elementor-element elementor-element-80ed0bb e-con-full e-flex e-con e-child\" data-id=\"80ed0bb\" data-element_type=\"container\">\n\t\t\t\t<div class=\"elementor-element elementor-element-c1ecb8b elementor-widget elementor-widget-tj-form-tab\" data-id=\"c1ecb8b\" data-element_type=\"widget\" data-widget_type=\"tj-form-tab.default\">\n\t\t\t\t<div class=\"elementor-widget-container\">\n\t\t\t\t\t\r\n<div class=\"slider-tabs slider-tabs-two\" >\r\n      <ul class=\"nav nav-pills\" id=\"pills-tab\" role=\"tablist\">\r\n\r\n              <li class=\"nav-item\" role=\"presentation\">\r\n          <button class=\"nav-link active\" data-bs-toggle=\"pill\" data-bs-target=\"#form-tabc1ecb8b-1\" type=\"button\" role=\"tab\" aria-selected=\"true\">\r\n\r\n            <i aria-hidden=\"true\" class=\"tj flaticon-shipped\"><\/i>Stra\u00dfenfracht          <\/button>\r\n        <\/li>\r\n          <\/ul>\r\n    <div class=\"tab-content\" id=\"pills-tabContent\">\r\n\r\n              <div class=\"tab-pane fade show active\" id=\"form-tabc1ecb8b-1\" role=\"tabpanel\">\r\n          <div class=\"tj-input-form\" data-bg-image=\"https:\/\/pannonexpress.hu\/wp-content\/themes\/logiland\/assets\/images\/shapes\/form-shape.png\">\r\n\r\n                          \n<div class=\"wpcf7 no-js\" id=\"wpcf7-f264-o1\" lang=\"en-US\" dir=\"ltr\" data-wpcf7-id=\"264\">\n<div class=\"screen-reader-response\"><p role=\"status\" aria-live=\"polite\" aria-atomic=\"true\"><\/p> <ul><\/ul><\/div>\n<form action=\"\/de\/wp-json\/wp\/v2\/pages\/2511#wpcf7-f264-o1\" method=\"post\" class=\"wpcf7-form init\" aria-label=\"Kontakt-Formular\" novalidate=\"novalidate\" data-status=\"init\" data-trp-original-action=\"\/de\/wp-json\/wp\/v2\/pages\/2511#wpcf7-f264-o1\">\n<fieldset class=\"hidden-fields-container\"><input type=\"hidden\" name=\"_wpcf7\" value=\"264\" \/><input type=\"hidden\" name=\"_wpcf7_version\" value=\"6.1.4\" \/><input type=\"hidden\" name=\"_wpcf7_locale\" value=\"en_US\" \/><input type=\"hidden\" name=\"_wpcf7_unit_tag\" value=\"wpcf7-f264-o1\" \/><input type=\"hidden\" name=\"_wpcf7_container_post\" value=\"0\" \/><input type=\"hidden\" name=\"_wpcf7_posted_data_hash\" value=\"\" \/>\n<\/fieldset>\n<!DOCTYPE html>\n<html lang=\"hu\">\n<head>\n    <meta charset=\"UTF-8\">\n    <title>\u0170rlap<\/title>\n    <style>\n        .mb-15 {\n            margin-bottom: 15px;\n        }\n        .full-width {\n            width: 100%; \/* Sz\u00e9less\u00e9g be\u00e1ll\u00edt\u00e1sa 100%-ra *\/\n        }\n    <\/style>\n<\/head>\n<body>\n    <div class=\"row\">\n        <div class=\"col-md-12\">\n            <div class=\"input-form\">\n                <label for=\"fname\" class=\"d-block\">Ihr Name:<\/label>\n                <input type=\"text\" id=\"fname\" name=\"fname\" placeholder=\"Vollst\u00e4ndiger Name\" required>\n            <\/div>\n        <\/div>\n        <div class=\"col-md-6\">\n            <div class=\"input-form\">\n                <label for=\"email\" class=\"d-block\">E-Mail Adresse:<\/label>\n                <input type=\"email\" id=\"email\" name=\"email\" placeholder=\"E-Mail\" required>\n            <\/div>\n        <\/div>\n        <div class=\"col-md-6\">\n            <div class=\"input-form\">\n                <label for=\"phone\" class=\"d-block\">Rufnummer:<\/label>\n                <input type=\"tel\" id=\"phone\" name=\"phone\" placeholder=\"Telefon\" required>\n            <\/div>\n        <\/div>\n        <div class=\"col-lg-12 mb-15\">\n            <div class=\"input-form tj-select\">\n                <label for=\"transport-type\">Art der Lieferung:<\/label>\n                <select id=\"transport-type\" name=\"transport-type\" class=\"nice-select full-width\">\n                    <option value=\"\">W\u00e4hlen Sie...<\/option>\n                    <option value=\"domestic\">Inl\u00e4ndische<\/option>\n                    <option value=\"international\">International<\/option>\n                    <option value=\"both\">Innerstaatlich und international<\/option>\n                <\/select>\n            <\/div>\n        <\/div>\n        <div class=\"col-lg-12 mb-15\">\n            <div class=\"input-form tj-select\">\n                <label for=\"freight-type\">Lieferung:<\/label>\n                <select id=\"freight-type\" name=\"freight-type\" class=\"nice-select full-width\">\n                    <option value=\"\">W\u00e4hlen Sie aus<\/option>\n                    <option value=\"option1\">Raklapos<\/option>\n                    <option value=\"option2\">Sammler<\/option>\n                    <option value=\"option3\">Kompletter Lkw<\/option>\n                <\/select>\n            <\/div>\n        <\/div>\n    <\/div>\n    <div class=\"tj-theme-button\">\n        <button class=\"tj-submit-btn\" type=\"submit\" value=\"submit\">\n            Absenden! <i class=\"fa fa-arrow-right\"><\/i>\n        <\/button>\n    <\/div>\n<\/body>\n<\/html><div class=\"wpcf7-response-output\" aria-hidden=\"true\"><\/div>\n<input type=\"hidden\" name=\"trp-form-language\" value=\"de\"\/><\/form>\n<\/div>\n            \r\n          <\/div>\r\n        <\/div>\r\n      \r\n    <\/div>\r\n  <\/div>\r\n\t\t\t\t<\/div>\n\t\t\t\t<\/div>\n\t\t\t\t<\/div>\n\t\t\t\t\t<\/div>\n\t\t\t\t<\/div>\n\t\t<div class=\"elementor-element elementor-element-5a24255 e-flex e-con-boxed e-con e-parent\" data-id=\"5a24255\" data-element_type=\"container\">\n\t\t\t\t\t<div class=\"e-con-inner\">\n\t\t<div class=\"elementor-element elementor-element-4929961 e-con-full e-flex e-con e-child\" data-id=\"4929961\" data-element_type=\"container\">\n\t\t\t\t<div class=\"elementor-element elementor-element-25688e6 elementor-widget elementor-widget-tj-icon-box\" data-id=\"25688e6\" data-element_type=\"widget\" data-widget_type=\"tj-icon-box.default\">\n\t\t\t\t<div class=\"elementor-widget-container\">\n\t\t\t\t\t\r\n<div class=\"tj-contact-page\">\r\n\r\n  <div class=\"tj-contact-list\" >\r\n\r\n          <div class=\"contact-icon\">\r\n        <i aria-hidden=\"true\" class=\"tj flaticon-phone-call\"><\/i>      <\/div>\r\n    \r\n    <div class=\"contact-header\">\r\n              <span>Kontaktieren Sie uns!<\/span>\r\n      \r\n                            <a href=\"Tel.: +36 24 540 425\">+36 24 540 425<\/a>\r\n          \r\n          <\/div>\r\n  <\/div>\r\n<\/div>\r\n\r\n\t\t\t\t<\/div>\n\t\t\t\t<\/div>\n\t\t\t\t<\/div>\n\t\t<div class=\"elementor-element elementor-element-87aa3bd e-con-full e-flex e-con e-child\" data-id=\"87aa3bd\" data-element_type=\"container\">\n\t\t\t\t<div class=\"elementor-element elementor-element-8e027c5 elementor-widget elementor-widget-tj-icon-box\" data-id=\"8e027c5\" data-element_type=\"widget\" data-widget_type=\"tj-icon-box.default\">\n\t\t\t\t<div class=\"elementor-widget-container\">\n\t\t\t\t\t\r\n<div class=\"tj-contact-page\">\r\n\r\n  <div class=\"tj-contact-list\" >\r\n\r\n          <div class=\"contact-icon\">\r\n        <i aria-hidden=\"true\" class=\"tj flaticon-email-3\"><\/i>      <\/div>\r\n    \r\n    <div class=\"contact-header\">\r\n              <span>Senden Sie Ihre Frage per E-Mail!<\/span>\r\n      \r\n                            <a href=\"mailto:iroda@pannonexpress.hu\">iroda@pannonexpress.hu<\/a>\r\n          \r\n          <\/div>\r\n  <\/div>\r\n<\/div>\r\n\r\n\t\t\t\t<\/div>\n\t\t\t\t<\/div>\n\t\t\t\t<\/div>\n\t\t<div class=\"elementor-element elementor-element-daf49fa e-con-full e-flex e-con e-child\" data-id=\"daf49fa\" data-element_type=\"container\">\n\t\t\t\t<div class=\"elementor-element elementor-element-1566328 elementor-widget elementor-widget-tj-icon-box\" data-id=\"1566328\" data-element_type=\"widget\" data-widget_type=\"tj-icon-box.default\">\n\t\t\t\t<div class=\"elementor-widget-container\">\n\t\t\t\t\t\r\n<div class=\"tj-contact-page\">\r\n\r\n  <div class=\"tj-contact-list\" >\r\n\r\n          <div class=\"contact-icon\">\r\n        <i aria-hidden=\"true\" class=\"tj flaticon-map\"><\/i>      <\/div>\r\n    \r\n    <div class=\"contact-header\">\r\n              <span>Unser Standort:<\/span>\r\n      \r\n                                          <a href=\"#\">2330 Dunaharaszti, Rakt\u00e1r utca 8.<\/a>\r\n                      \r\n          <\/div>\r\n  <\/div>\r\n<\/div>\r\n\r\n\t\t\t\t<\/div>\n\t\t\t\t<\/div>\n\t\t\t\t<\/div>\n\t\t\t\t\t<\/div>\n\t\t\t\t<\/div>\n\t\t\t\t<\/div>","protected":false},"excerpt":{"rendered":"<p>Erfahren Sie mehr Unsere Geschichte Pannon Express Ltd. wurde 2001 gegr\u00fcndet. 100% ist ein Unternehmen in ungarischem Besitz mit sehr erfahrenen Mitarbeitern im Bereich der nationalen und internationalen Logistik. Als Ergebnis der dynamischen Entwicklung unseres Unternehmens von Jahr zu Jahr haben wir 2008 unser eigenes Logistikzentrum in Szigetszentmikl\u00f3s im Industriepark Leshegy gegr\u00fcndet.<\/p>","protected":false},"author":1,"featured_media":0,"parent":0,"menu_order":0,"comment_status":"closed","ping_status":"closed","template":"","meta":{"_acf_changed":false,"footnotes":""},"class_list":["post-2511","page","type-page","status-publish","hentry"],"acf":[],"_links":{"self":[{"href":"https:\/\/pannonexpress.hu\/de\/wp-json\/wp\/v2\/pages\/2511","targetHints":{"allow":["GET"]}}],"collection":[{"href":"https:\/\/pannonexpress.hu\/de\/wp-json\/wp\/v2\/pages"}],"about":[{"href":"https:\/\/pannonexpress.hu\/de\/wp-json\/wp\/v2\/types\/page"}],"author":[{"embeddable":true,"href":"https:\/\/pannonexpress.hu\/de\/wp-json\/wp\/v2\/users\/1"}],"replies":[{"embeddable":true,"href":"https:\/\/pannonexpress.hu\/de\/wp-json\/wp\/v2\/comments?post=2511"}],"version-history":[{"count":27,"href":"https:\/\/pannonexpress.hu\/de\/wp-json\/wp\/v2\/pages\/2511\/revisions"}],"predecessor-version":[{"id":3264,"href":"https:\/\/pannonexpress.hu\/de\/wp-json\/wp\/v2\/pages\/2511\/revisions\/3264"}],"wp:attachment":[{"href":"https:\/\/pannonexpress.hu\/de\/wp-json\/wp\/v2\/media?parent=2511"}],"curies":[{"name":"wp","href":"https:\/\/api.w.org\/{rel}","templated":true}]}}