{"id":2531,"date":"2024-03-22T15:28:27","date_gmt":"2024-03-22T14:28:27","guid":{"rendered":"https:\/\/pannonexpress.hu\/?page_id=2531"},"modified":"2024-06-18T12:27:33","modified_gmt":"2024-06-18T11:27:33","slug":"eszrevetel-nevtelen-bejelentese","status":"publish","type":"page","link":"https:\/\/pannonexpress.hu\/de\/eszrevetel-nevtelen-bejelentese\/","title":{"rendered":"Anonyme Benachrichtigung \u00fcber einen Kommentar"},"content":{"rendered":"<div data-elementor-type=\"wp-page\" data-elementor-id=\"2531\" class=\"elementor elementor-2531\" data-elementor-post-type=\"page\">\n\t\t\t\t<div class=\"elementor-element elementor-element-d5c6d5b e-flex e-con-boxed e-con e-parent\" data-id=\"d5c6d5b\" data-element_type=\"container\">\n\t\t\t\t\t<div class=\"e-con-inner\">\n\t\t\t\t<div class=\"elementor-element elementor-element-1a3c609 elementor-widget elementor-widget-tj-form\" data-id=\"1a3c609\" data-element_type=\"widget\" data-widget_type=\"tj-form.default\">\n\t\t\t\t<div class=\"elementor-widget-container\">\n\t\t\t\t\t\r\n<div class=\"tj-contact-page\">\r\n  <div class=\"tj-section-heading\">\r\n          <span class=\"sub-title active-shape\" >\r\n        Sie haben die M\u00f6glichkeit, anonym zu melden, wenn Sie Bedenken haben oder wenn Sie Missbrauch oder Fehlverhalten erlebt haben. Bitte f\u00fcllen Sie das nachstehende Formular aus, um Ihre Anmerkungen zu \u00fcbermitteln:      <\/span>\r\n    \r\n    <h4 class=\"title\" data-wow-delay=\"\">Anonyme Benachrichtigung<\/h4>\r\n  <\/div>\r\n\r\n      <div class=\"tj-animate-form\" >\r\n      \n<div class=\"wpcf7 no-js\" id=\"wpcf7-f2535-o1\" lang=\"hu-HU\" dir=\"ltr\" data-wpcf7-id=\"2535\">\n<div class=\"screen-reader-response\"><p role=\"status\" aria-live=\"polite\" aria-atomic=\"true\"><\/p> <ul><\/ul><\/div>\n<form action=\"\/de\/wp-json\/wp\/v2\/pages\/2531#wpcf7-f2535-o1\" method=\"post\" class=\"wpcf7-form init\" aria-label=\"Kontakt-Formular\" novalidate=\"novalidate\" data-status=\"init\" data-trp-original-action=\"\/de\/wp-json\/wp\/v2\/pages\/2531#wpcf7-f2535-o1\">\n<fieldset class=\"hidden-fields-container\"><input type=\"hidden\" name=\"_wpcf7\" value=\"2535\" \/><input type=\"hidden\" name=\"_wpcf7_version\" value=\"6.1.4\" \/><input type=\"hidden\" name=\"_wpcf7_locale\" value=\"hu_HU\" \/><input type=\"hidden\" name=\"_wpcf7_unit_tag\" value=\"wpcf7-f2535-o1\" \/><input type=\"hidden\" name=\"_wpcf7_container_post\" value=\"0\" \/><input type=\"hidden\" name=\"_wpcf7_posted_data_hash\" value=\"\" \/>\n<\/fieldset>\n<div class=\"animate-form\">\n  <div class=\"row\">\n    <div class=\"col-lg-6 col-md-6\">\n      <div class=\"form__div\">\nName\n<span class=\"wpcf7-form-control-wrap\" data-name=\"fname\"><input size=\"40\" maxlength=\"400\" class=\"wpcf7-form-control wpcf7-text form__input\" aria-invalid=\"false\" placeholder=\"Name\" value=\"\" type=\"text\" name=\"fname\" \/><\/span>\n      <\/div>\n    <\/div>\n    <div class=\"col-lg-6 col-md-6\">\n      <div class=\"form__div\">\nE-Mail Adresse\n<span class=\"wpcf7-form-control-wrap\" data-name=\"email\"><input size=\"40\" maxlength=\"400\" class=\"wpcf7-form-control wpcf7-email wpcf7-validates-as-required wpcf7-text wpcf7-validates-as-email form__input\" aria-required=\"true\" aria-invalid=\"false\" placeholder=\"E-Mail Adresse\" value=\"\" type=\"email\" name=\"email\" \/><\/span>\n      <\/div>\n    <\/div>\n    <div class=\"col-lg-6 col-md-6\">\n      <div class=\"form__div\">\nGegenstand der Meldung\n<span class=\"wpcf7-form-control-wrap\" data-name=\"menu-486\"><select class=\"wpcf7-form-control wpcf7-select wpcf7-validates-as-required form__input\" aria-required=\"true\" aria-invalid=\"false\" name=\"menu-486\"><option value=\"Sz\u00e1mviteli\">Buchhaltung<\/option><option value=\"P\u00e9nz\u00fcgyi ellen\u0151rz\u00e9sek\">Finanzielle Kontrollen<\/option><option value=\"V\u00e1llalati integrit\u00e1s\">Unternehmensintegrit\u00e4t<\/option><option value=\"K\u00f6rnyezet\">Umwelt<\/option><option value=\"Eg\u00e9szs\u00e9g\">Gesundheit<\/option><option value=\"Emberi er\u0151forr\u00e1s\">Humanressourcen<\/option><option value=\"Soksz\u00edn\u0171s\u00e9g\">Vielfalt<\/option><option value=\"Tisztelet a munkahelyen\">Respekt bei der Arbeit<\/option><option value=\"Eszk\u00f6z\u00f6kkel, szolg\u00e1ltat\u00e1sokkal kapcsolatos vissza\u00e9l\u00e9s\">Missbr\u00e4uchliche Nutzung von Einrichtungen, Dienstleistungen<\/option><option value=\"Egy\u00e9b\">Andere<\/option><\/select><\/span>\n      <\/div>\n    <\/div>\n    <div class=\"col-lg-6 col-md-6\">\n      <div class=\"form__div\">Gegenstand der Meldung\n<span class=\"wpcf7-form-control-wrap\" data-name=\"subject\"><input size=\"40\" maxlength=\"400\" class=\"wpcf7-form-control wpcf7-text wpcf7-validates-as-required form__input\" aria-required=\"true\" aria-invalid=\"false\" placeholder=\"Gegenstand der Meldung\" value=\"\" type=\"text\" name=\"subject\" \/><\/span>\n      <\/div>\n    <\/div>\n    <div class=\"col-lg-12\">\n      <div class=\"form__div\">Nachricht an\n<span class=\"wpcf7-form-control-wrap\" data-name=\"message\"><textarea cols=\"40\" rows=\"10\" maxlength=\"2000\" class=\"wpcf7-form-control wpcf7-textarea form__input textarea\" aria-invalid=\"false\" placeholder=\"Nachricht an\" name=\"message\"><\/textarea><\/span>\n      <\/div>\n    <\/div>\n  <\/div>\n  <div class=\"tj-theme-button\">\n    <button class=\"tj-primary-btn contact-btn\" type=\"submit\" value=\"submit\">\n      Ich mache eine Ank\u00fcndigung <i class=\"flaticon-right-1\"><\/i>\n    <\/button>\n  <\/div>\n<\/div><div class=\"wpcf7-response-output\" aria-hidden=\"true\"><\/div>\n<input type=\"hidden\" name=\"trp-form-language\" value=\"de\"\/><\/form>\n<\/div>\n    <\/div>\r\n  \r\n<\/div>\r\n\r\n\t\t\t\t<\/div>\n\t\t\t\t<\/div>\n\t\t\t\t\t<\/div>\n\t\t\t\t<\/div>\n\t\t\t\t<\/div>","protected":false},"excerpt":{"rendered":"<p>Sie haben die M\u00f6glichkeit, anonym zu berichten, wenn Sie Bedenken haben oder Missbrauch oder Fehlverhalten erlebt haben. Anonyme Meldung Name E-Mail-Adresse Betreff der Meldung RechnungslegungFinanzkontrolleUnternehmensintegrit\u00e4tUmweltGesundheitHumanressourcenDiversit\u00e4tRespekt am ArbeitsplatzRechte und Pflichten der MitarbeiterMissbrauch von Instrumenten und DienstleistungenSonstiges Betreff der Meldung Ich melde<\/p>","protected":false},"author":1,"featured_media":0,"parent":0,"menu_order":0,"comment_status":"closed","ping_status":"closed","template":"","meta":{"_acf_changed":false,"footnotes":""},"class_list":["post-2531","page","type-page","status-publish","hentry"],"acf":[],"_links":{"self":[{"href":"https:\/\/pannonexpress.hu\/de\/wp-json\/wp\/v2\/pages\/2531","targetHints":{"allow":["GET"]}}],"collection":[{"href":"https:\/\/pannonexpress.hu\/de\/wp-json\/wp\/v2\/pages"}],"about":[{"href":"https:\/\/pannonexpress.hu\/de\/wp-json\/wp\/v2\/types\/page"}],"author":[{"embeddable":true,"href":"https:\/\/pannonexpress.hu\/de\/wp-json\/wp\/v2\/users\/1"}],"replies":[{"embeddable":true,"href":"https:\/\/pannonexpress.hu\/de\/wp-json\/wp\/v2\/comments?post=2531"}],"version-history":[{"count":24,"href":"https:\/\/pannonexpress.hu\/de\/wp-json\/wp\/v2\/pages\/2531\/revisions"}],"predecessor-version":[{"id":3197,"href":"https:\/\/pannonexpress.hu\/de\/wp-json\/wp\/v2\/pages\/2531\/revisions\/3197"}],"wp:attachment":[{"href":"https:\/\/pannonexpress.hu\/de\/wp-json\/wp\/v2\/media?parent=2531"}],"curies":[{"name":"wp","href":"https:\/\/api.w.org\/{rel}","templated":true}]}}