{"id":2685,"date":"2024-04-19T09:31:36","date_gmt":"2024-04-19T08:31:36","guid":{"rendered":"https:\/\/pannonexpress.hu\/?page_id=2685"},"modified":"2024-06-18T12:26:14","modified_gmt":"2024-06-18T11:26:14","slug":"szolgaltatasaink","status":"publish","type":"page","link":"https:\/\/pannonexpress.hu\/de\/szolgaltatasaink\/","title":{"rendered":"Unsere Dienstleistungen"},"content":{"rendered":"<div data-elementor-type=\"wp-page\" data-elementor-id=\"2685\" class=\"elementor elementor-2685\" data-elementor-post-type=\"page\">\n\t\t\t\t<div class=\"elementor-element elementor-element-f34c34c e-flex e-con-boxed e-con e-parent\" data-id=\"f34c34c\" data-element_type=\"container\">\n\t\t\t\t\t<div class=\"e-con-inner\">\n\t\t<div class=\"elementor-element elementor-element-5b09f3b e-con-full e-flex e-con e-child\" data-id=\"5b09f3b\" data-element_type=\"container\">\n\t\t\t\t<div class=\"elementor-element elementor-element-95c1fc7 elementor-widget elementor-widget-tj-about-images\" data-id=\"95c1fc7\" data-element_type=\"widget\" data-widget_type=\"tj-about-images.default\">\n\t\t\t\t<div class=\"elementor-widget-container\">\n\t\t\t\t\t\r\n<div class=\"about-group-image2 d-flex flex-wrap align-items-start flex-column\">\r\n\r\n      <div class=\"image-box\" >\r\n      <img decoding=\"async\" class=\"p-z-idex\" src=\"https:\/\/pannonexpress.hu\/wp-content\/uploads\/2024\/03\/shipment-transport-by-truck.jpg\" alt=\"Shipment Transport by Truck\">\r\n    <\/div>\r\n  \r\n      <img decoding=\"async\" class=\"group-1 p-z-idex\"  src=\"https:\/\/pannonexpress.hu\/wp-content\/uploads\/2024\/03\/group-trucks-parked-row-scaled.jpg\" alt=\"Group of trucks parked in a row.\">\r\n  \r\n  <img decoding=\"async\" class=\"group-shape\" src=\"https:\/\/pannonexpress.hu\/wp-content\/themes\/logiland\/assets\/images\/shapes\/ab-shape.png\" alt=\"shape\">\r\n<\/div>\r\n\r\n\t\t\t\t<\/div>\n\t\t\t\t<\/div>\n\t\t\t\t<\/div>\n\t\t<div class=\"elementor-element elementor-element-982be6a e-con-full e-flex e-con e-child\" data-id=\"982be6a\" data-element_type=\"container\">\n\t\t\t\t<div class=\"elementor-element elementor-element-511ec0b tj_section_align elementor-align-left elementor-widget elementor-widget-tj-section-title\" data-id=\"511ec0b\" data-element_type=\"widget\" data-widget_type=\"tj-section-title.default\">\n\t\t\t\t<div class=\"elementor-widget-container\">\n\t\t\t\t\t\r\n<div class=\"tj-section-heading\">\r\n\r\n      <span class=\"sub-title active-shape\" >\r\n      Erfahren Sie mehr \u00fcber unsere Dienstleistungen    <\/span>\r\n  \r\n  <h2 class=\"title\" data-wow-delay=\"\">Transport<\/h2>\r\n      <p class=\"desc\" >\r\n      Unser Fuhrpark reicht von 3,5-Tonnen-Kleintransportern bis zu 40-Tonnen-LKWs mit einem Durchschnittsalter von 3 Jahren.  Wir nutzen unser eigenes ERP-System, um die folgenden Arbeitsabl\u00e4ufe zu erleichtern und zu vereinfachen:\n<ul>\n<li>automatisierte Bearbeitung von Transportauftr\u00e4gen<\/li>\n<li>Elektronische Verarbeitung und \u00dcbermittlung von Transportdokumenten<\/li>\n<li>elektronische Rechnungsstellung<\/li>\n<li>Palettenhandling<\/li>\n<\/ul>    <\/p>\r\n  \r\n<\/div>\r\n\r\n\t\t\t\t<\/div>\n\t\t\t\t<\/div>\n\t\t\t\t<div class=\"elementor-element elementor-element-077da8d tj_el_button elementor-align-left elementor-widget elementor-widget-tj-button\" data-id=\"077da8d\" data-element_type=\"widget\" data-widget_type=\"tj-button.default\">\n\t\t\t\t<div class=\"elementor-widget-container\">\n\t\t\t\t\t    <div class=\"tj_btn_wrapper\" >\r\n\r\n      <a href=\"\/de\/fuvarozas\/\" class=\"tj-primary-btn\" id=\"\">\r\n        Weitere Informationen                  <i aria-hidden=\"true\" class=\"tj flaticon-right-1 tj-flaticons\"><\/i>              <\/a>\r\n    <\/div>\r\n\r\n\t\t\t\t<\/div>\n\t\t\t\t<\/div>\n\t\t\t\t<\/div>\n\t\t\t\t\t<\/div>\n\t\t\t\t<\/div>\n\t\t<div class=\"elementor-element elementor-element-0ec44d9 e-flex e-con-boxed e-con e-parent\" data-id=\"0ec44d9\" data-element_type=\"container\">\n\t\t\t\t\t<div class=\"e-con-inner\">\n\t\t<div class=\"elementor-element elementor-element-a0f7bcf e-con-full e-flex e-con e-child\" data-id=\"a0f7bcf\" data-element_type=\"container\">\n\t\t\t\t<div class=\"elementor-element elementor-element-ffd980b tj_section_align elementor-align-left elementor-widget elementor-widget-tj-section-title\" data-id=\"ffd980b\" data-element_type=\"widget\" data-widget_type=\"tj-section-title.default\">\n\t\t\t\t<div class=\"elementor-widget-container\">\n\t\t\t\t\t\r\n<div class=\"tj-section-heading\">\r\n\r\n      <span class=\"sub-title active-shape\" >\r\n      Erfahren Sie mehr \u00fcber unsere Dienstleistungen    <\/span>\r\n  \r\n  <h2 class=\"title\" data-wow-delay=\"\">Lagerung<\/h2>\r\n      <p class=\"desc\" >\r\n      Wir haben sowohl Regal- als auch Blocklager in unserem Lager. <br><br>\nEin wesentlicher Teil unserer Materialumschlagsaktivit\u00e4ten besteht in der t\u00e4glichen Beladung von Export- und Importcontainern sowie in der Erbringung der damit verbundenen Mehrwertdienste: Kommissionierung, Palettierung, Etikettierung, Zollabfertigung.\n    <\/p>\r\n  \r\n<\/div>\r\n\r\n\t\t\t\t<\/div>\n\t\t\t\t<\/div>\n\t\t\t\t<div class=\"elementor-element elementor-element-0843f1c tj_el_button elementor-align-left elementor-widget elementor-widget-tj-button\" data-id=\"0843f1c\" data-element_type=\"widget\" data-widget_type=\"tj-button.default\">\n\t\t\t\t<div class=\"elementor-widget-container\">\n\t\t\t\t\t    <div class=\"tj_btn_wrapper\" >\r\n\r\n      <a href=\"\/de\/raktarozas\/\" class=\"tj-primary-btn\" id=\"\">\r\n        Weitere Informationen                  <i aria-hidden=\"true\" class=\"tj flaticon-right-1 tj-flaticons\"><\/i>              <\/a>\r\n    <\/div>\r\n\r\n\t\t\t\t<\/div>\n\t\t\t\t<\/div>\n\t\t\t\t<\/div>\n\t\t<div class=\"elementor-element elementor-element-da5b236 e-con-full e-flex e-con e-child\" data-id=\"da5b236\" data-element_type=\"container\">\n\t\t\t\t<div class=\"elementor-element elementor-element-040fafa elementor-widget elementor-widget-tj-about-images\" data-id=\"040fafa\" data-element_type=\"widget\" data-widget_type=\"tj-about-images.default\">\n\t\t\t\t<div class=\"elementor-widget-container\">\n\t\t\t\t\t\r\n<div class=\"about-group-image2 d-flex flex-wrap align-items-start flex-column\">\r\n\r\n      <div class=\"image-box\" >\r\n      <img decoding=\"async\" class=\"p-z-idex\" src=\"https:\/\/pannonexpress.hu\/wp-content\/uploads\/2024\/03\/caucasian-man-is-checking-stock-inventory-scaled.jpg\" alt=\"A Caucasian man is checking stock inventory\">\r\n    <\/div>\r\n  \r\n      <img decoding=\"async\" class=\"group-1 p-z-idex\"  src=\"https:\/\/pannonexpress.hu\/wp-content\/uploads\/2024\/03\/medium-shot-man-sitting-warehouse-scaled.jpg\" alt=\"medium-shot-man-sitting-warehouse\">\r\n  \r\n  <img decoding=\"async\" class=\"group-shape\" src=\"https:\/\/pannonexpress.hu\/wp-content\/themes\/logiland\/assets\/images\/shapes\/ab-shape.png\" alt=\"shape\">\r\n<\/div>\r\n\r\n\t\t\t\t<\/div>\n\t\t\t\t<\/div>\n\t\t\t\t<\/div>\n\t\t\t\t\t<\/div>\n\t\t\t\t<\/div>\n\t\t\t\t<\/div>","protected":false},"excerpt":{"rendered":"<p>Erfahren Sie mehr \u00fcber unsere Dienstleistungen Transport Unser Fuhrpark reicht von 3,5-Tonnen-Kleintransportern bis zu 40-Tonnen-LKWs mit einem Durchschnittsalter von 3 Jahren.  Mit unserem eigenen ERP-System erleichtern und vereinfachen wir die folgenden Arbeitsabl\u00e4ufe: automatisierte Bearbeitung von Transportauftr\u00e4gen elektronische Bearbeitung und \u00dcbermittlung von Transportdokumenten elektronische Rechnungsstellung Palettenverwaltung Erfahren Sie mehr \u00fcber unsere Dienstleistungen Lagerhaltung Unser Lager kann sowohl als Regal- als auch als Blocklager genutzt werden. [...]<\/p>","protected":false},"author":1,"featured_media":0,"parent":0,"menu_order":0,"comment_status":"closed","ping_status":"closed","template":"","meta":{"_acf_changed":false,"footnotes":""},"class_list":["post-2685","page","type-page","status-publish","hentry"],"acf":[],"_links":{"self":[{"href":"https:\/\/pannonexpress.hu\/de\/wp-json\/wp\/v2\/pages\/2685","targetHints":{"allow":["GET"]}}],"collection":[{"href":"https:\/\/pannonexpress.hu\/de\/wp-json\/wp\/v2\/pages"}],"about":[{"href":"https:\/\/pannonexpress.hu\/de\/wp-json\/wp\/v2\/types\/page"}],"author":[{"embeddable":true,"href":"https:\/\/pannonexpress.hu\/de\/wp-json\/wp\/v2\/users\/1"}],"replies":[{"embeddable":true,"href":"https:\/\/pannonexpress.hu\/de\/wp-json\/wp\/v2\/comments?post=2685"}],"version-history":[{"count":6,"href":"https:\/\/pannonexpress.hu\/de\/wp-json\/wp\/v2\/pages\/2685\/revisions"}],"predecessor-version":[{"id":3191,"href":"https:\/\/pannonexpress.hu\/de\/wp-json\/wp\/v2\/pages\/2685\/revisions\/3191"}],"wp:attachment":[{"href":"https:\/\/pannonexpress.hu\/de\/wp-json\/wp\/v2\/media?parent=2685"}],"curies":[{"name":"wp","href":"https:\/\/api.w.org\/{rel}","templated":true}]}}