{"id":2511,"date":"2024-03-22T14:35:31","date_gmt":"2024-03-22T13:35:31","guid":{"rendered":"https:\/\/pannonexpress.hu\/?page_id=2511"},"modified":"2024-07-04T09:35:05","modified_gmt":"2024-07-04T08:35:05","slug":"cegtortenet","status":"publish","type":"page","link":"https:\/\/pannonexpress.hu\/en\/cegtortenet\/","title":{"rendered":"Company history"},"content":{"rendered":"<div data-elementor-type=\"wp-page\" data-elementor-id=\"2511\" class=\"elementor elementor-2511\" data-elementor-post-type=\"page\">\n\t\t\t\t<div class=\"elementor-element elementor-element-705688a e-flex e-con-boxed e-con e-parent\" data-id=\"705688a\" data-element_type=\"container\">\n\t\t\t\t\t<div class=\"e-con-inner\">\n\t\t<div class=\"elementor-element elementor-element-83e421a e-con-full e-flex e-con e-child\" data-id=\"83e421a\" data-element_type=\"container\">\n\t\t\t\t<div class=\"elementor-element elementor-element-aef018b elementor-widget elementor-widget-tj-about-images\" data-id=\"aef018b\" data-element_type=\"widget\" data-widget_type=\"tj-about-images.default\">\n\t\t\t\t<div class=\"elementor-widget-container\">\n\t\t\t\t\t\r\n<div class=\"about-group-image2 d-flex flex-wrap align-items-start flex-column\">\r\n\r\n      <div class=\"image-box\" >\r\n      <img decoding=\"async\" class=\"p-z-idex\" src=\"https:\/\/pannonexpress.hu\/wp-content\/uploads\/2024\/03\/trucks-highway-mountain-sunset-scaled.jpg\" alt=\"trucks on highway in mountain at sunset\">\r\n    <\/div>\r\n  \r\n      <img decoding=\"async\" class=\"group-1 p-z-idex\"  src=\"https:\/\/pannonexpress.hu\/wp-content\/uploads\/2024\/03\/modern-truck-filled-with-shipping-boxes-warehouse-bay-logistics-delivery-generative-ai-scaled.jpg\" alt=\"modern-truck-filled-with-shipping-boxes-warehouse-bay-logistics-delivery-generative-ai\">\r\n  \r\n  <img decoding=\"async\" class=\"group-shape\" src=\"https:\/\/pannonexpress.hu\/wp-content\/themes\/logiland\/assets\/images\/shapes\/ab-shape.png\" alt=\"shape\">\r\n<\/div>\r\n\r\n\t\t\t\t<\/div>\n\t\t\t\t<\/div>\n\t\t\t\t<\/div>\n\t\t<div class=\"elementor-element elementor-element-4b2f0cc e-con-full e-flex e-con e-child\" data-id=\"4b2f0cc\" data-element_type=\"container\">\n\t\t\t\t<div class=\"elementor-element elementor-element-83968ec tj_section_align elementor-align-left elementor-widget elementor-widget-tj-section-title\" data-id=\"83968ec\" data-element_type=\"widget\" data-widget_type=\"tj-section-title.default\">\n\t\t\t\t<div class=\"elementor-widget-container\">\n\t\t\t\t\t\r\n<div class=\"tj-section-heading\">\r\n\r\n      <span class=\"sub-title active-shape\" >\r\n      Find out more    <\/span>\r\n  \r\n  <h2 class=\"title\" data-wow-delay=\"\">Our story<\/h2>\r\n      <p class=\"desc\" >\r\n      Pannon Express Ltd. is a 100% Hungarian-owned company established in 2001, with highly experienced staff in the field of domestic and international logistics.<br><br>As a result of the dynamic development of our company year after year, in 2008 we established our own logistics centre in Szigetszentmikl\u00f3s in the Leshegy Industrial Park.<br><br>\nIn 2017, we moved to Dunaharaszti, where we have a 2000 m2 warehouse, modern machinery and a modern office environment at our clients' disposal.    <\/p>\r\n  \r\n<\/div>\r\n\r\n\t\t\t\t<\/div>\n\t\t\t\t<\/div>\n\t\t\t\t<\/div>\n\t\t\t\t\t<\/div>\n\t\t\t\t<\/div>\n\t\t<div class=\"elementor-element elementor-element-a1c78aa e-flex e-con-boxed e-con e-parent\" data-id=\"a1c78aa\" data-element_type=\"container\">\n\t\t\t\t\t<div class=\"e-con-inner\">\n\t\t\t\t<div class=\"elementor-element elementor-element-9151394 elementor-widget elementor-widget-text-editor\" data-id=\"9151394\" data-element_type=\"widget\" data-widget_type=\"text-editor.default\">\n\t\t\t\t<div class=\"elementor-widget-container\">\n\t\t\t\t\t\t\t\t\t<p>National coverage of domestic groupage is ensured by a network of depots located in the county capitals. These collection points allow distribution within 24 hours of pick-up to all our valued customers throughout Hungary. Of course, we are also at the disposal of all our existing and prospective partners for complete loads or other special requirements.<\/p><p>In international transport, we carry out groupage and complete shipments for both export and import. We offer a special service for Austria, Germany, Benelux, France, Czech Republic, Slovakia and other countries. Other destinations.<\/p><p>Our company has successfully applied for EU funding. Thanks to the National Development Agency, we have been able to purchase machinery and implement IT improvements.<\/p>\t\t\t\t\t\t\t\t<\/div>\n\t\t\t\t<\/div>\n\t\t\t\t<div class=\"elementor-element elementor-element-e832891 tj_section_align elementor-align-left elementor-widget elementor-widget-tj-section-title\" data-id=\"e832891\" data-element_type=\"widget\" data-widget_type=\"tj-section-title.default\">\n\t\t\t\t<div class=\"elementor-widget-container\">\n\t\t\t\t\t\r\n<div class=\"tj-section-heading\">\r\n\r\n      <span class=\"sub-title active-shape\" >\r\n      Logistics is our passion    <\/span>\r\n  \r\n  <h2 class=\"title\" data-wow-delay=\"\">Our mission<\/h2>\r\n  \r\n<\/div>\r\n\r\n\t\t\t\t<\/div>\n\t\t\t\t<\/div>\n\t\t\t\t<div class=\"elementor-element elementor-element-57286cf elementor-widget elementor-widget-text-editor\" data-id=\"57286cf\" data-element_type=\"widget\" data-widget_type=\"text-editor.default\">\n\t\t\t\t<div class=\"elementor-widget-container\">\n\t\t\t\t\t\t\t\t\t<p>Our mission is to contribute to our customers' success by ensuring that their products and goods reach their destinations safely, efficiently and on time. With our high quality freight forwarding and transportation services and our commitment to quality, punctuality and customer focus, we strive to handle each and every transport need with a high level of precision and care.<\/p><p>Our aim is to inspire and support our partners to be more competitive in global markets, while operating in a sustainable way, taking into account the importance of environmental and social responsibility.<\/p><p>Whether you need local, domestic or international transport, you can be sure that our company will devote all its resources to meet your needs and exceed your expectations.<\/p>\t\t\t\t\t\t\t\t<\/div>\n\t\t\t\t<\/div>\n\t\t\t\t\t<\/div>\n\t\t\t\t<\/div>\n\t\t<div class=\"elementor-element elementor-element-7f4d816 e-flex e-con-boxed e-con e-parent\" data-id=\"7f4d816\" data-element_type=\"container\" data-settings=\"{&quot;background_background&quot;:&quot;classic&quot;}\">\n\t\t\t\t\t<div class=\"e-con-inner\">\n\t\t<div class=\"elementor-element elementor-element-8b25bb6 e-con-full e-flex e-con e-child\" data-id=\"8b25bb6\" data-element_type=\"container\">\n\t\t\t\t<div class=\"elementor-element elementor-element-0b03b3f tj_section_align elementor-align-left elementor-widget elementor-widget-tj-section-title\" data-id=\"0b03b3f\" data-element_type=\"widget\" data-widget_type=\"tj-section-title.default\">\n\t\t\t\t<div class=\"elementor-widget-container\">\n\t\t\t\t\t\r\n<div class=\"tj-section-heading\">\r\n\r\n      <span class=\"sub-title active-shape\" >\r\n      WHY CHOOSE US?    <\/span>\r\n  \r\n  <h2 class=\"title\" data-wow-delay=\"\">Because logistics is our passion<\/h2>\r\n      <p class=\"desc\" >\r\n      Our expert team and many years of experience make us the right choice.    <\/p>\r\n  \r\n<\/div>\r\n\r\n\t\t\t\t<\/div>\n\t\t\t\t<\/div>\n\t\t<div class=\"elementor-element elementor-element-d93e6ab e-con-full e-flex e-con e-child\" data-id=\"d93e6ab\" data-element_type=\"container\">\n\t\t\t\t<div class=\"elementor-element elementor-element-287bf5f elementor-widget elementor-widget-tj-feature-box\" data-id=\"287bf5f\" data-element_type=\"widget\" data-widget_type=\"tj-feature-box.default\">\n\t\t\t\t<div class=\"elementor-widget-container\">\n\t\t\t\t\t\r\n<div class=\"tj-icon-box3 text-center\" >\r\n      \r\n      <i aria-hidden=\"true\" class=\"tj flaticon-courier\"><\/i>\r\n      \r\n  <h5 class=\"title\">Optimised solutions<\/h5>\r\n<\/div>\r\n\t\t\t\t<\/div>\n\t\t\t\t<\/div>\n\t\t\t\t<div class=\"elementor-element elementor-element-44cac56 elementor-widget elementor-widget-tj-feature-box\" data-id=\"44cac56\" data-element_type=\"widget\" data-widget_type=\"tj-feature-box.default\">\n\t\t\t\t<div class=\"elementor-widget-container\">\n\t\t\t\t\t\r\n<div class=\"tj-icon-box3 text-center\" >\r\n      \r\n      <i aria-hidden=\"true\" class=\"tj flaticon-cargo\"><\/i>\r\n      \r\n  <h5 class=\"title\">Exact deadlines<\/h5>\r\n<\/div>\r\n\t\t\t\t<\/div>\n\t\t\t\t<\/div>\n\t\t\t\t<div class=\"elementor-element elementor-element-1faa4ce elementor-widget elementor-widget-tj-feature-box\" data-id=\"1faa4ce\" data-element_type=\"widget\" data-widget_type=\"tj-feature-box.default\">\n\t\t\t\t<div class=\"elementor-widget-container\">\n\t\t\t\t\t\r\n<div class=\"tj-icon-box3 text-center\" >\r\n      \r\n      <i aria-hidden=\"true\" class=\"tj flaticon-agreement\"><\/i>\r\n      \r\n  <h5 class=\"title\">Safety &amp; prudence<\/h5>\r\n<\/div>\r\n\t\t\t\t<\/div>\n\t\t\t\t<\/div>\n\t\t\t\t<\/div>\n\t\t\t\t<\/div>\n\t\t<div class=\"elementor-element elementor-element-80ed0bb e-con-full e-flex e-con e-child\" data-id=\"80ed0bb\" data-element_type=\"container\">\n\t\t\t\t<div class=\"elementor-element elementor-element-c1ecb8b elementor-widget elementor-widget-tj-form-tab\" data-id=\"c1ecb8b\" data-element_type=\"widget\" data-widget_type=\"tj-form-tab.default\">\n\t\t\t\t<div class=\"elementor-widget-container\">\n\t\t\t\t\t\r\n<div class=\"slider-tabs slider-tabs-two\" >\r\n      <ul class=\"nav nav-pills\" id=\"pills-tab\" role=\"tablist\">\r\n\r\n              <li class=\"nav-item\" role=\"presentation\">\r\n          <button class=\"nav-link active\" data-bs-toggle=\"pill\" data-bs-target=\"#form-tabc1ecb8b-1\" type=\"button\" role=\"tab\" aria-selected=\"true\">\r\n\r\n            <i aria-hidden=\"true\" class=\"tj flaticon-shipped\"><\/i>Road Freight          <\/button>\r\n        <\/li>\r\n          <\/ul>\r\n    <div class=\"tab-content\" id=\"pills-tabContent\">\r\n\r\n              <div class=\"tab-pane fade show active\" id=\"form-tabc1ecb8b-1\" role=\"tabpanel\">\r\n          <div class=\"tj-input-form\" data-bg-image=\"https:\/\/pannonexpress.hu\/wp-content\/themes\/logiland\/assets\/images\/shapes\/form-shape.png\">\r\n\r\n                          \n<div class=\"wpcf7 no-js\" id=\"wpcf7-f264-o1\" lang=\"en-US\" dir=\"ltr\" data-wpcf7-id=\"264\">\n<div class=\"screen-reader-response\"><p role=\"status\" aria-live=\"polite\" aria-atomic=\"true\"><\/p> <ul><\/ul><\/div>\n<form action=\"\/en\/wp-json\/wp\/v2\/pages\/2511#wpcf7-f264-o1\" method=\"post\" class=\"wpcf7-form init\" aria-label=\"Contact form\" novalidate=\"novalidate\" data-status=\"init\" data-trp-original-action=\"\/en\/wp-json\/wp\/v2\/pages\/2511#wpcf7-f264-o1\">\n<fieldset class=\"hidden-fields-container\"><input type=\"hidden\" name=\"_wpcf7\" value=\"264\" \/><input type=\"hidden\" name=\"_wpcf7_version\" value=\"6.1.4\" \/><input type=\"hidden\" name=\"_wpcf7_locale\" value=\"en_US\" \/><input type=\"hidden\" name=\"_wpcf7_unit_tag\" value=\"wpcf7-f264-o1\" \/><input type=\"hidden\" name=\"_wpcf7_container_post\" value=\"0\" \/><input type=\"hidden\" name=\"_wpcf7_posted_data_hash\" value=\"\" \/>\n<\/fieldset>\n<!DOCTYPE html>\n<html lang=\"hu\">\n<head>\n    <meta charset=\"UTF-8\">\n    <title>\u0170rlap<\/title>\n    <style>\n        .mb-15 {\n            margin-bottom: 15px;\n        }\n        .full-width {\n            width: 100%; \/* Sz\u00e9less\u00e9g be\u00e1ll\u00edt\u00e1sa 100%-ra *\/\n        }\n    <\/style>\n<\/head>\n<body>\n    <div class=\"row\">\n        <div class=\"col-md-12\">\n            <div class=\"input-form\">\n                <label for=\"fname\" class=\"d-block\">Your name:<\/label>\n                <input type=\"text\" id=\"fname\" name=\"fname\" placeholder=\"Full Name\" required>\n            <\/div>\n        <\/div>\n        <div class=\"col-md-6\">\n            <div class=\"input-form\">\n                <label for=\"email\" class=\"d-block\">E-mail address:<\/label>\n                <input type=\"email\" id=\"email\" name=\"email\" placeholder=\"E-mail\" required>\n            <\/div>\n        <\/div>\n        <div class=\"col-md-6\">\n            <div class=\"input-form\">\n                <label for=\"phone\" class=\"d-block\">Phone number:<\/label>\n                <input type=\"tel\" id=\"phone\" name=\"phone\" placeholder=\"Phone\" required>\n            <\/div>\n        <\/div>\n        <div class=\"col-lg-12 mb-15\">\n            <div class=\"input-form tj-select\">\n                <label for=\"transport-type\">Type of delivery:<\/label>\n                <select id=\"transport-type\" name=\"transport-type\" class=\"nice-select full-width\">\n                    <option value=\"\">Choose...<\/option>\n                    <option value=\"domestic\">Domestic<\/option>\n                    <option value=\"international\">International<\/option>\n                    <option value=\"both\">Domestic and international<\/option>\n                <\/select>\n            <\/div>\n        <\/div>\n        <div class=\"col-lg-12 mb-15\">\n            <div class=\"input-form tj-select\">\n                <label for=\"freight-type\">Delivery:<\/label>\n                <select id=\"freight-type\" name=\"freight-type\" class=\"nice-select full-width\">\n                    <option value=\"\">Select from<\/option>\n                    <option value=\"option1\">Raklapos<\/option>\n                    <option value=\"option2\">Collector<\/option>\n                    <option value=\"option3\">Complete truck<\/option>\n                <\/select>\n            <\/div>\n        <\/div>\n    <\/div>\n    <div class=\"tj-theme-button\">\n        <button class=\"tj-submit-btn\" type=\"submit\" value=\"submit\">\n            Sending! <i class=\"fa fa-arrow-right\"><\/i>\n        <\/button>\n    <\/div>\n<\/body>\n<\/html><div class=\"wpcf7-response-output\" aria-hidden=\"true\"><\/div>\n<input type=\"hidden\" name=\"trp-form-language\" value=\"en\"\/><\/form>\n<\/div>\n            \r\n          <\/div>\r\n        <\/div>\r\n      \r\n    <\/div>\r\n  <\/div>\r\n\t\t\t\t<\/div>\n\t\t\t\t<\/div>\n\t\t\t\t<\/div>\n\t\t\t\t\t<\/div>\n\t\t\t\t<\/div>\n\t\t<div class=\"elementor-element elementor-element-5a24255 e-flex e-con-boxed e-con e-parent\" data-id=\"5a24255\" data-element_type=\"container\">\n\t\t\t\t\t<div class=\"e-con-inner\">\n\t\t<div class=\"elementor-element elementor-element-4929961 e-con-full e-flex e-con e-child\" data-id=\"4929961\" data-element_type=\"container\">\n\t\t\t\t<div class=\"elementor-element elementor-element-25688e6 elementor-widget elementor-widget-tj-icon-box\" data-id=\"25688e6\" data-element_type=\"widget\" data-widget_type=\"tj-icon-box.default\">\n\t\t\t\t<div class=\"elementor-widget-container\">\n\t\t\t\t\t\r\n<div class=\"tj-contact-page\">\r\n\r\n  <div class=\"tj-contact-list\" >\r\n\r\n          <div class=\"contact-icon\">\r\n        <i aria-hidden=\"true\" class=\"tj flaticon-phone-call\"><\/i>      <\/div>\r\n    \r\n    <div class=\"contact-header\">\r\n              <span>Contact us!<\/span>\r\n      \r\n                            <a href=\"tel:+36 24 540 425\">+36 24 540 425<\/a>\r\n          \r\n          <\/div>\r\n  <\/div>\r\n<\/div>\r\n\r\n\t\t\t\t<\/div>\n\t\t\t\t<\/div>\n\t\t\t\t<\/div>\n\t\t<div class=\"elementor-element elementor-element-87aa3bd e-con-full e-flex e-con e-child\" data-id=\"87aa3bd\" data-element_type=\"container\">\n\t\t\t\t<div class=\"elementor-element elementor-element-8e027c5 elementor-widget elementor-widget-tj-icon-box\" data-id=\"8e027c5\" data-element_type=\"widget\" data-widget_type=\"tj-icon-box.default\">\n\t\t\t\t<div class=\"elementor-widget-container\">\n\t\t\t\t\t\r\n<div class=\"tj-contact-page\">\r\n\r\n  <div class=\"tj-contact-list\" >\r\n\r\n          <div class=\"contact-icon\">\r\n        <i aria-hidden=\"true\" class=\"tj flaticon-email-3\"><\/i>      <\/div>\r\n    \r\n    <div class=\"contact-header\">\r\n              <span>Send your question by e-mail!<\/span>\r\n      \r\n                            <a href=\"mailto:iroda@pannonexpress.hu\">iroda@pannonexpress.hu<\/a>\r\n          \r\n          <\/div>\r\n  <\/div>\r\n<\/div>\r\n\r\n\t\t\t\t<\/div>\n\t\t\t\t<\/div>\n\t\t\t\t<\/div>\n\t\t<div class=\"elementor-element elementor-element-daf49fa e-con-full e-flex e-con e-child\" data-id=\"daf49fa\" data-element_type=\"container\">\n\t\t\t\t<div class=\"elementor-element elementor-element-1566328 elementor-widget elementor-widget-tj-icon-box\" data-id=\"1566328\" data-element_type=\"widget\" data-widget_type=\"tj-icon-box.default\">\n\t\t\t\t<div class=\"elementor-widget-container\">\n\t\t\t\t\t\r\n<div class=\"tj-contact-page\">\r\n\r\n  <div class=\"tj-contact-list\" >\r\n\r\n          <div class=\"contact-icon\">\r\n        <i aria-hidden=\"true\" class=\"tj flaticon-map\"><\/i>      <\/div>\r\n    \r\n    <div class=\"contact-header\">\r\n              <span>Our location:<\/span>\r\n      \r\n                                          <a href=\"#\">2330 Dunaharaszti, Rakt\u00e1r utca 8.<\/a>\r\n                      \r\n          <\/div>\r\n  <\/div>\r\n<\/div>\r\n\r\n\t\t\t\t<\/div>\n\t\t\t\t<\/div>\n\t\t\t\t<\/div>\n\t\t\t\t\t<\/div>\n\t\t\t\t<\/div>\n\t\t\t\t<\/div>","protected":false},"excerpt":{"rendered":"<p>Learn more Our history Pannon Express Ltd. was founded in 2001, 100% is a Hungarian-owned company with highly experienced staff in the field of domestic and international logistics. As a result of the dynamic development of our company year by year, in 2008 we established our own logistics centre in Szigetszentmikl\u00f3s in the Leshegy Industrial Park.<\/p>","protected":false},"author":1,"featured_media":0,"parent":0,"menu_order":0,"comment_status":"closed","ping_status":"closed","template":"","meta":{"_acf_changed":false,"footnotes":""},"class_list":["post-2511","page","type-page","status-publish","hentry"],"acf":[],"_links":{"self":[{"href":"https:\/\/pannonexpress.hu\/en\/wp-json\/wp\/v2\/pages\/2511","targetHints":{"allow":["GET"]}}],"collection":[{"href":"https:\/\/pannonexpress.hu\/en\/wp-json\/wp\/v2\/pages"}],"about":[{"href":"https:\/\/pannonexpress.hu\/en\/wp-json\/wp\/v2\/types\/page"}],"author":[{"embeddable":true,"href":"https:\/\/pannonexpress.hu\/en\/wp-json\/wp\/v2\/users\/1"}],"replies":[{"embeddable":true,"href":"https:\/\/pannonexpress.hu\/en\/wp-json\/wp\/v2\/comments?post=2511"}],"version-history":[{"count":27,"href":"https:\/\/pannonexpress.hu\/en\/wp-json\/wp\/v2\/pages\/2511\/revisions"}],"predecessor-version":[{"id":3264,"href":"https:\/\/pannonexpress.hu\/en\/wp-json\/wp\/v2\/pages\/2511\/revisions\/3264"}],"wp:attachment":[{"href":"https:\/\/pannonexpress.hu\/en\/wp-json\/wp\/v2\/media?parent=2511"}],"curies":[{"name":"wp","href":"https:\/\/api.w.org\/{rel}","templated":true}]}}